{"id":179,"date":"2020-03-23T11:52:51","date_gmt":"2020-03-23T10:52:51","guid":{"rendered":"https:\/\/lutek.eu\/home\/?page_id=179"},"modified":"2025-11-22T15:46:24","modified_gmt":"2025-11-22T14:46:24","slug":"agb","status":"publish","type":"page","link":"https:\/\/lutek.eu\/home\/agb\/","title":{"rendered":"AGB"},"content":{"rendered":"<h2>Allgemeine Gesch\u00e4ftsbedingungen<\/h2>\n<p><strong>\u00a7 1 Allgemeines<\/strong><\/p>\n<p>F\u00fcr alle Warenbestellungen im Online-Shop auf lutek.eu gelten die nachfolgenden Allgemeinen Gesch\u00e4ftsbedingungen von<\/p>\n<p>Norbert H. Batorowicz<br \/>\nSchulstr. 13<br \/>\n26316 Varel<\/p>\n<p>in der zum Zeitpunkt der Bestellung g\u00fcltigen Fassung. Die AGB sind unter <a href=\"\/home\/agb\/\">www.lutek.eu\/agb<\/a> jederzeit abrufbar und k\u00f6nnen gespeichert und ausgedruckt werden.<\/p>\n<p><strong>\u00a7 2 Angebot und Vertragsabschluss<\/strong><\/p>\n<p>(1) Unsere Angaben zu Waren und Preisen innerhalb des Bestellvorganges sind freibleibend und unverbindlich. Die Preisangaben sind Angaben in Euro und verstehen sich inkl. der jeweils geltenden gesetzlichen Umsatzsteuer. Abbildungen im Online-Shop dienen lediglich der Produktpr\u00e4sentation und stellen kein rechtsverbindliches Angebot zum Abschluss eines Kaufvertrages dar. Bilddateien k\u00f6nnen am Bildschirm andere Farben zeigen als die Produkte selbst.<\/p>\n<p>(2) Sie k\u00f6nnen Artikel aus unserem Shop ausw\u00e4hlen und diese in einem virtuellen Warenkorb sammeln. Die geben damit ein verbindliches Angebot zum Kauf der im Warenkorb befindlichen Waren ab. Vor dem verbindlichen Absenden der Bestellung k\u00f6nnen Sie die eingegebenen Daten jederzeit \u00e4ndern und einsehen.<\/p>\n<p>(3) Nach dem Absenden der Bestellung erhalten Sie eine automatisierte Bestellbest\u00e4tigung per E-Mail. Diese automatische Bestellbest\u00e4tigung dokumentiert lediglich, dass die Bestellung bei uns eingegangen ist und stellt noch keine Annahme des Angebots zum Kauf dar.<\/p>\n<p>(4) Der Kaufvertrag kommt erst durch die Abgabe einer gesonderten Auftrags- oder Versandbest\u00e4tigung zustande, die auch weitere Angaben zur Bezahlung des Kaufpreises enth\u00e4lt. Wir sind nicht verpflichtet, Ihr Angebot zum Abschluss des Kaufvertrages anzunehmen. Das Angebot wird von uns z.B. nicht angenommen, wenn die bestellten Artikel nicht verf\u00fcgbar sind.<\/p>\n<p><strong>\u00a7 3 Widerrufsrecht<\/strong><\/p>\n<p>(1) Das Widerrufsrecht gilt ausschlie\u00dflich f\u00fcr Verbraucher i.S.d. \u00a7 13 BGB, also f\u00fcr jede nat\u00fcrliche Person, die ein Rechtsgesch\u00e4ft zu einem Zwecke abschlie\u00dft, der weder ihrer gewerblichen noch ihrer selbst\u00e4ndigen beruflichen T\u00e4tigkeit zugerechnet werden kann.<\/p>\n<p>(2) Es gilt folgendes Widerrufsrecht:<\/p>\n<p><strong>Widerrufsbelehrung<\/strong><\/p>\n<p>Sie haben das Recht, binnen vierzehn Tagen ohne Angabe von Gr\u00fcnden diesen Vertrag zu widerrufen.<\/p>\n<p>Die Widerrufsfrist betr\u00e4gt vierzehn Tage ab dem Tag, an dem Sie oder ein von Ihnen benannter Dritter, der nicht der Bef\u00f6rderer ist, die Waren in Besitz genommen hat, oder wenn Sie oder ein von Ihnen benannter Dritter, der nicht der Bef\u00f6rderer ist, die letzte Ware in Besitz genommen haben, wenn mehrere Waren im Rahmen einer einheitlichen Bestellung bestellt wurden und die Waren getrennt geliefert werden.<\/p>\n<p>Um Ihr Widerrufsrecht auszu\u00fcben, m\u00fcssen Sie uns (Norbert H. Batorowicz, Schmuggelpadd 10, 26954 Nordenham, Tel. 04731 8694970, E-Mail sales@lutek.eu) mittels einer eindeutigen Erkl\u00e4rung (z. B. ein mit der Post versandter Brief, Telefax oder E-Mail) \u00fcber Ihren Entschluss, diesen Vertrag zu widerrufen, informieren. Sie k\u00f6nnen daf\u00fcr <a href=\"\/home\/muster-widerrufsformular\/\">das Muster-Widerrufsformular<\/a> verwenden, das jedoch nicht vorgeschrieben ist. Zur Wahrung der Widerrufsfrist reicht es aus, dass Sie die Mitteilung \u00fcber die Aus\u00fcbung des Widerrufsrechts vor Ablauf der Widerrufsfrist absenden.<\/p>\n<p><strong>Folgen des Widerrufs<\/strong><\/p>\n<p>Wenn Sie diesen Vertrag widerrufen, haben wir Ihnen alle Zahlungen, die wir von Ihnen erhalten haben, einschlie\u00dflich der Lieferkosten (mit Ausnahme der zus\u00e4tzlichen Kosten, die sich daraus ergeben, dass Sie eine andere Art der Lieferung als die von uns angebotene, g\u00fcnstigste Standardlieferung gew\u00e4hlt haben), unverz\u00fcglich und sp\u00e4testens binnen vierzehn Tagen ab dem Tag zur\u00fcckzuzahlen, an dem die Mitteilung \u00fcber Ihren Widerruf dieses Vertrags bei uns eingegangen ist. F\u00fcr diese R\u00fcckzahlung verwenden wir dasselbe Zahlungsmittel, das Sie bei der urspr\u00fcnglichen Transaktion eingesetzt haben, es sei denn, mit Ihnen wurde ausdr\u00fccklich etwas anderes vereinbart; in keinem Fall werden Ihnen wegen dieser R\u00fcckzahlung Entgelte berechnet. Wir k\u00f6nnen die R\u00fcckzahlung verweigern, bis wir die Waren wieder zur\u00fcckerhalten haben oder bis Sie den Nachweis erbracht haben, dass Sie die Waren zur\u00fcckgesandt haben, je nachdem, welches der fr\u00fchere Zeitpunkt ist.<\/p>\n<p>Sie haben die Waren unverz\u00fcglich und in jedem Fall sp\u00e4testens binnen vierzehn Tagen ab dem Tag, an dem Sie uns \u00fcber den Widerruf dieses Vertrags unterrichten, an uns zur\u00fcckzusenden oder zu \u00fcbergeben. Die Frist ist gewahrt, wenn Sie die Waren vor Ablauf der Frist von vierzehn Tagen absenden. Sie tragen die unmittelbaren Kosten der R\u00fccksendung der Waren. Sie m\u00fcssen f\u00fcr einen etwaigen Wertverlust der Waren nur aufkommen, wenn dieser Wertverlust auf einen zur Pr\u00fcfung der Beschaffenheit, Eigenschaften und Funktionsweise der Waren nicht notwendigen Umgang mit ihnen zur\u00fcckzuf\u00fchren ist.<\/p>\n<p><strong>Das Widerrufsrecht besteht nicht bei den folgenden Vertr\u00e4gen:<\/strong><br \/>\nVertr\u00e4ge zur Lieferung von Waren, die nicht vorgefertigt sind und f\u00fcr deren Herstellung eine individuelle Auswahl oder Bestimmung durch den Verbraucher ma\u00dfgeblich ist oder die eindeutig auf die pers\u00f6nlichen Bed\u00fcrfnisse des Verbrauchers zugeschnitten sind. (F\u00fcr individuell angefertigte Eink\u00e4ufe (z. B. Druck auf Anfrage, Fototapeten, Einrahmungen und Fotodateien) gilt das 14-t\u00e4gige Widerrufsrecht nicht.<\/p>\n<p><strong>\u00a7 4 Lieferung und Versandkosten<\/strong><\/p>\n<p>(1) Wir liefern grunds\u00e4tzlich innerhalb von Deutschland. F\u00fcr Lieferungen ins Ausland sprechen Sie uns bez\u00fcglich Lieferung und Versandkosten bitte an. Zuz\u00fcglich zu den angegebenen Preisen kommen noch Versandkosten hinzu. N\u00e4heres zur H\u00f6he der Versandkosten erfahren Sie bei der Verkaufsabwicklung.<\/p>\n<p>(2) Wir liefern nur im Versandweg. Eine Selbstabholung der Ware ist nicht m\u00f6glich.<\/p>\n<p><strong>\u00a7 5 F\u00e4lligkeit, Zahlungsmittel und Eigentumsvorbehalt<\/strong><\/p>\n<p>(1) Die Zahlung des Kaufpreises ist unmittelbar am Tag des Zustandekommens des Kaufvertrages f\u00e4llig.<\/p>\n<p>(2) Alle angegebenen Preise sind in Euro angegeben und verstehen sich inklusive der gesetzlichen Umsatzsteuer.<\/p>\n<p>(3) Sofern im jeweiligen Angebot nicht anders angegeben, erfolgt die Zahlung per PayPal. Wir behalten uns vor, bestimmte Zahlarten nicht anzubieten und auf andere Zahlarten zu verweisen.<\/p>\n<p>PayPal ist eine einfache Zahlart, um online Geldgesch\u00e4fte abzuschlie\u00dfen. Weitere Informationen zu PayPal erhalten Sie unter <a href=\"https:\/\/www.paypal.de\">https:\/\/www.paypal.de<\/a>.<\/p>\n<p>(4) Die gelieferte Ware bleibt bis zur vollst\u00e4ndigen Zahlung in unserem Eigentum.<\/p>\n<p><strong>\u00a7 6 M\u00e4ngelanspr\u00fcche<\/strong><\/p>\n<p>(1) Es gelten die gesetzlichen Bestimmungen des Gew\u00e4hrleistungsrechts.<\/p>\n<p>(2) Transportsch\u00e4den<br \/>\nWerden Waren mit offensichtlichen Transportsch\u00e4den angeliefert, so reklamieren Sie solche Fehler bitte m\u00f6glichst sofort beim Zusteller und nehmen Sie bitte unverz\u00fcglich Kontakt zu uns auf.<\/p>\n<p><strong>\u00a7 7 Rechtliche Hinweise<\/strong><\/p>\n<p>(1) Es gilt deutsches Recht unter Ausschluss des UN-Kaufrechts.<\/p>\n<p>(2) Der Vertragsschluss und die gesamte Kommunikation im Zusammenhang mit dem Vertrag und dessen Erf\u00fcllung erfolgt ausschlie\u00dflich in deutscher Sprache. Die Vertragsbedingungen und Informationen sind in deutscher Sprache abgefasst.<\/p>\n<p><strong>\u00a7 8 Alternative Streitbeilegung<\/strong><\/p>\n<p>Die Europ\u00e4ische Kommission stellt eine Plattform f\u00fcr die au\u00dfergerichtliche Online-Streitbeilegung (OS-Plattform) bereit, die unter <a href=\"http:\/\/www.ec.europa.eu\/consumers\/odr\">www.ec.europa.eu\/consumers\/odr<\/a> aufrufbar ist. Wir sind weder verpflichtet noch bereit, an dem Streitschlichtungsverfahren teilzunehmen.<\/p>\n","protected":false},"excerpt":{"rendered":"<p>Allgemeine Gesch\u00e4ftsbedingungen \u00a7 1 Allgemeines F\u00fcr alle Warenbestellungen im Online-Shop auf lutek.eu gelten die nachfolgenden Allgemeinen Gesch\u00e4ftsbedingungen von Norbert H. Batorowicz Schulstr. 13 26316 Varel in der zum Zeitpunkt der Bestellung g\u00fcltigen Fassung. Die AGB <a class=\"more-link\" href=\"https:\/\/lutek.eu\/home\/agb\/\">mehr &#8230;<\/a><\/p>\n","protected":false},"author":1,"featured_media":0,"parent":0,"menu_order":0,"comment_status":"closed","ping_status":"closed","template":"","meta":{"footnotes":""},"class_list":["post-179","page","type-page","status-publish","hentry"],"yoast_head":"<!-- This site is optimized with the Yoast SEO plugin v27.4 - https:\/\/yoast.com\/product\/yoast-seo-wordpress\/ -->\n<title>Allgemeine Gesch\u00e4ftsbedingungen<\/title>\n<meta name=\"description\" content=\"GULag-Erinnerungen - Lida \/ Uchta AGB\" \/>\n<meta name=\"robots\" content=\"index, follow, max-snippet:-1, max-image-preview:large, max-video-preview:-1\" \/>\n<link rel=\"canonical\" href=\"https:\/\/lutek.eu\/home\/agb\/\" \/>\n<meta name=\"twitter:label1\" content=\"Gesch\u00e4tzte Lesezeit\" \/>\n\t<meta name=\"twitter:data1\" content=\"5\u00a0Minuten\" \/>\n<script type=\"application\/ld+json\" class=\"yoast-schema-graph\">{\"@context\":\"https:\\\/\\\/schema.org\",\"@graph\":[{\"@type\":\"WebPage\",\"@id\":\"https:\\\/\\\/lutek.eu\\\/home\\\/agb\\\/\",\"url\":\"https:\\\/\\\/lutek.eu\\\/home\\\/agb\\\/\",\"name\":\"Allgemeine Gesch\u00e4ftsbedingungen\",\"isPartOf\":{\"@id\":\"https:\\\/\\\/lutek.eu\\\/home\\\/#website\"},\"datePublished\":\"2020-03-23T10:52:51+00:00\",\"dateModified\":\"2025-11-22T14:46:24+00:00\",\"description\":\"GULag-Erinnerungen - Lida \\\/ Uchta AGB\",\"breadcrumb\":{\"@id\":\"https:\\\/\\\/lutek.eu\\\/home\\\/agb\\\/#breadcrumb\"},\"inLanguage\":\"de\",\"potentialAction\":[{\"@type\":\"ReadAction\",\"target\":[\"https:\\\/\\\/lutek.eu\\\/home\\\/agb\\\/\"]}]},{\"@type\":\"BreadcrumbList\",\"@id\":\"https:\\\/\\\/lutek.eu\\\/home\\\/agb\\\/#breadcrumb\",\"itemListElement\":[{\"@type\":\"ListItem\",\"position\":1,\"name\":\"Startseite\",\"item\":\"https:\\\/\\\/lutek.eu\\\/home\\\/\"},{\"@type\":\"ListItem\",\"position\":2,\"name\":\"AGB\"}]},{\"@type\":\"WebSite\",\"@id\":\"https:\\\/\\\/lutek.eu\\\/home\\\/#website\",\"url\":\"https:\\\/\\\/lutek.eu\\\/home\\\/\",\"name\":\"GULag-Erinnerungen - Lida \\\/ Uchta\",\"description\":\"\",\"publisher\":{\"@id\":\"https:\\\/\\\/lutek.eu\\\/home\\\/#\\\/schema\\\/person\\\/470f45bb8b40dac6acd66606907ab7e7\"},\"potentialAction\":[{\"@type\":\"SearchAction\",\"target\":{\"@type\":\"EntryPoint\",\"urlTemplate\":\"https:\\\/\\\/lutek.eu\\\/home\\\/?s={search_term_string}\"},\"query-input\":{\"@type\":\"PropertyValueSpecification\",\"valueRequired\":true,\"valueName\":\"search_term_string\"}}],\"inLanguage\":\"de\"},{\"@type\":[\"Person\",\"Organization\"],\"@id\":\"https:\\\/\\\/lutek.eu\\\/home\\\/#\\\/schema\\\/person\\\/470f45bb8b40dac6acd66606907ab7e7\",\"name\":\"nb\",\"logo\":{\"@id\":\"https:\\\/\\\/lutek.eu\\\/home\\\/#\\\/schema\\\/person\\\/image\\\/\"}}]}<\/script>\n<!-- \/ Yoast SEO plugin. -->","yoast_head_json":{"title":"Allgemeine Gesch\u00e4ftsbedingungen","description":"GULag-Erinnerungen - Lida \/ Uchta AGB","robots":{"index":"index","follow":"follow","max-snippet":"max-snippet:-1","max-image-preview":"max-image-preview:large","max-video-preview":"max-video-preview:-1"},"canonical":"https:\/\/lutek.eu\/home\/agb\/","twitter_misc":{"Gesch\u00e4tzte Lesezeit":"5\u00a0Minuten"},"schema":{"@context":"https:\/\/schema.org","@graph":[{"@type":"WebPage","@id":"https:\/\/lutek.eu\/home\/agb\/","url":"https:\/\/lutek.eu\/home\/agb\/","name":"Allgemeine Gesch\u00e4ftsbedingungen","isPartOf":{"@id":"https:\/\/lutek.eu\/home\/#website"},"datePublished":"2020-03-23T10:52:51+00:00","dateModified":"2025-11-22T14:46:24+00:00","description":"GULag-Erinnerungen - Lida \/ Uchta AGB","breadcrumb":{"@id":"https:\/\/lutek.eu\/home\/agb\/#breadcrumb"},"inLanguage":"de","potentialAction":[{"@type":"ReadAction","target":["https:\/\/lutek.eu\/home\/agb\/"]}]},{"@type":"BreadcrumbList","@id":"https:\/\/lutek.eu\/home\/agb\/#breadcrumb","itemListElement":[{"@type":"ListItem","position":1,"name":"Startseite","item":"https:\/\/lutek.eu\/home\/"},{"@type":"ListItem","position":2,"name":"AGB"}]},{"@type":"WebSite","@id":"https:\/\/lutek.eu\/home\/#website","url":"https:\/\/lutek.eu\/home\/","name":"GULag-Erinnerungen - Lida \/ Uchta","description":"","publisher":{"@id":"https:\/\/lutek.eu\/home\/#\/schema\/person\/470f45bb8b40dac6acd66606907ab7e7"},"potentialAction":[{"@type":"SearchAction","target":{"@type":"EntryPoint","urlTemplate":"https:\/\/lutek.eu\/home\/?s={search_term_string}"},"query-input":{"@type":"PropertyValueSpecification","valueRequired":true,"valueName":"search_term_string"}}],"inLanguage":"de"},{"@type":["Person","Organization"],"@id":"https:\/\/lutek.eu\/home\/#\/schema\/person\/470f45bb8b40dac6acd66606907ab7e7","name":"nb","logo":{"@id":"https:\/\/lutek.eu\/home\/#\/schema\/person\/image\/"}}]}},"_links":{"self":[{"href":"https:\/\/lutek.eu\/home\/wp-json\/wp\/v2\/pages\/179","targetHints":{"allow":["GET"]}}],"collection":[{"href":"https:\/\/lutek.eu\/home\/wp-json\/wp\/v2\/pages"}],"about":[{"href":"https:\/\/lutek.eu\/home\/wp-json\/wp\/v2\/types\/page"}],"author":[{"embeddable":true,"href":"https:\/\/lutek.eu\/home\/wp-json\/wp\/v2\/users\/1"}],"replies":[{"embeddable":true,"href":"https:\/\/lutek.eu\/home\/wp-json\/wp\/v2\/comments?post=179"}],"version-history":[{"count":9,"href":"https:\/\/lutek.eu\/home\/wp-json\/wp\/v2\/pages\/179\/revisions"}],"predecessor-version":[{"id":529,"href":"https:\/\/lutek.eu\/home\/wp-json\/wp\/v2\/pages\/179\/revisions\/529"}],"wp:attachment":[{"href":"https:\/\/lutek.eu\/home\/wp-json\/wp\/v2\/media?parent=179"}],"curies":[{"name":"wp","href":"https:\/\/api.w.org\/{rel}","templated":true}]}}