{"id":2,"date":"2020-03-08T14:59:25","date_gmt":"2020-03-08T14:59:25","guid":{"rendered":"https:\/\/lutek.eu\/home\/?page_id=2"},"modified":"2024-04-16T18:41:30","modified_gmt":"2024-04-16T16:41:30","slug":"gulag-erinnerungen","status":"publish","type":"page","link":"https:\/\/lutek.eu\/home\/","title":{"rendered":"GULag-Erinnerungen"},"content":{"rendered":"<p>Lida in Ostpolen, heute Wei\u00dfrussland (Belarus), im September 1939. Die Sowjetarmee marschiert in Polen ein. Hier beginnen die Aufzeichnungen von Lucjan Batorowicz, dem Leiter des Post- und Telegrafenamtes der Stadt. Er beschreibt\u00a0 seine Festsetzung und Gefangennahme mit Fluchtversuch, Verurteilung zur Zwangsarbeit und seine Erlebnisse in einem Straflager (Gulag) bei Uchta in der russischen Republik Komi bis zur Amnestie f\u00fcr die Polnischen politischen Gefangenen, die Teil der Polnischen Armee unter General Anders werden und mit den Alliierten gegen Nazideutschland k\u00e4mpfen.<\/p>\n<p>Ein packender Zeitzeugen-Bericht aus der Zeit des 2. Weltkrieges aus Gef\u00e4ngnissen im sowjetisch besetzten Ostpolen (heute Wei\u00dfrussland) und sowjetischem GULag in der russischen Republik Komi im Straflager Krutaja n\u00f6rdlich von Uchta.<\/p>\n<p><!--\n\n\n<div align=\"center\"><strong><b>Das Buch<\/b>. Hier erh\u00e4ltlich:\n[wp_cart_button name=\"GULag-Erinnerungen - ISBN 978-3-9821795-1-3\" price=\"26.20\" shipping=\"0.0001\"]\n<\/strong>\n\n\n<p style=\"text-align: center; font-size: 10px;\">[show_wp_shopping_cart]<\/p>\n\n\n\n<\/div>\n\n\n--><\/p>\n<div align=\"center\"><img decoding=\"async\" src=\"\/img\/lida_uchta_1.jpg\" alt=\"\" width=\"300\" \/> <img decoding=\"async\" src=\"\/img\/lida_uchta_4.jpg\" alt=\"\" width=\"300\" \/><br \/>\n<img decoding=\"async\" src=\"\/img\/lida_uchta_3.jpg\" alt=\"\" width=\"300\" \/> <img decoding=\"async\" src=\"\/img\/lida_uchta_2.jpg\" alt=\"\" width=\"300\" \/><\/div>\n<p style=\"text-align: center; margin-top: 10px;\"><a href=\"https:\/\/lutek.eu\/home\/wp-content\/uploads\/978-3-9821795-1-3_600-auss.png\"><img loading=\"lazy\" decoding=\"async\" class=\"size-full wp-image-286\" src=\"https:\/\/lutek.eu\/home\/wp-content\/uploads\/978-3-9821795-1-3_600-auss.png\" alt=\"Lida - Uchta \/ 1939-1941 - GULag-Erinnerungen\" width=\"600\" height=\"382\" srcset=\"https:\/\/lutek.eu\/home\/wp-content\/uploads\/978-3-9821795-1-3_600-auss.png 600w, https:\/\/lutek.eu\/home\/wp-content\/uploads\/978-3-9821795-1-3_600-auss-300x191.png 300w, https:\/\/lutek.eu\/home\/wp-content\/uploads\/978-3-9821795-1-3_600-auss-200x127.png 200w\" sizes=\"auto, (max-width: 600px) 100vw, 600px\" \/><\/a><\/p>\n<div align=\"center\">\n<p align=\"left\">Gestaltung, Illustration, Verlag\/Herausgeber: Norbert H. Batorowicz, 26316 Varel<\/p>\n<p align=\"left\">Das Werk, einschlie\u00dflich seiner Teile, ist urheberrechtlich gesch\u00fctzt. Jede Verwertung ist ohne Zustimmung des Verlages und des Autors unzul\u00e4ssig. Dies gilt insbesondere f\u00fcr die elektronische oder sonstige Vervielf\u00e4ltigung, \u00dcbersetzung, Verbreitung und \u00f6ffentliche Zug\u00e4nglichmachung.<\/p>\n<\/div>\n<p align=\"left\">GULag-Erinnerungen &#8211; Deutsche Version<br \/>\nISBN 978-3-9821795-1-3<br \/>\n2. Auflage 2020<br \/>\nSoftcover, DIN A5, 474 Seiten<br \/>\nPreis: 26,20 EURO (inkl. Versandkosten)<\/p>\n<p><!--\n\n\n<p style=\"text-align: center;\">[wp_cart_button name=\"GULag-Erinnerungen\" price=\"26.20\" shipping=\"0.0001\"]<\/p>\n\n\n--><\/p>\n<p align=\"left\"><b><a href=\"https:\/\/lutek.eu\/home\/kontakt\/\">Zum Erwerb des Buches kontaktieren Sie uns einfach \u00fcber das Kontaktformular.<\/b><\/a><\/p>\n","protected":false},"excerpt":{"rendered":"<p>Lida in Ostpolen, heute Wei\u00dfrussland (Belarus), im September 1939. Die Sowjetarmee marschiert in Polen ein. Hier beginnen die Aufzeichnungen von Lucjan Batorowicz, dem Leiter des Post- und Telegrafenamtes der Stadt. Er beschreibt\u00a0 seine Festsetzung und <a class=\"more-link\" href=\"https:\/\/lutek.eu\/home\/\">mehr &#8230;<\/a><\/p>\n","protected":false},"author":1,"featured_media":0,"parent":0,"menu_order":0,"comment_status":"closed","ping_status":"open","template":"","meta":{"footnotes":""},"class_list":["post-2","page","type-page","status-publish","hentry"],"yoast_head":"<!-- This site is optimized with the Yoast SEO plugin v27.4 - https:\/\/yoast.com\/product\/yoast-seo-wordpress\/ -->\n<title>GULag-Erinnerungen - Lida \/ Uchta - 1939-1941 - Gefangennahme, Fluchtversuch, Verurteilung zur Zwangsarbeit<\/title>\n<meta name=\"description\" content=\"GULag-Erinnerungen - Lida \/ Uchta Zeitzeugen-Bericht aus sowjetischem Gef\u00e4ngnis und Straflager im sowjetisch besetzten Ostpolen (Belarus) und der russischen Republik Komi\" \/>\n<meta name=\"robots\" content=\"index, follow, max-snippet:-1, max-image-preview:large, max-video-preview:-1\" \/>\n<link rel=\"canonical\" href=\"https:\/\/lutek.eu\/home\/\" \/>\n<meta name=\"twitter:label1\" content=\"Gesch\u00e4tzte Lesezeit\" \/>\n\t<meta name=\"twitter:data1\" content=\"3\u00a0Minuten\" \/>\n<script type=\"application\/ld+json\" class=\"yoast-schema-graph\">{\"@context\":\"https:\\\/\\\/schema.org\",\"@graph\":[{\"@type\":\"WebPage\",\"@id\":\"https:\\\/\\\/lutek.eu\\\/home\\\/\",\"url\":\"https:\\\/\\\/lutek.eu\\\/home\\\/\",\"name\":\"GULag-Erinnerungen - Lida \\\/ Uchta - 1939-1941 - Gefangennahme, Fluchtversuch, Verurteilung zur Zwangsarbeit\",\"isPartOf\":{\"@id\":\"https:\\\/\\\/lutek.eu\\\/home\\\/#website\"},\"primaryImageOfPage\":{\"@id\":\"https:\\\/\\\/lutek.eu\\\/home\\\/#primaryimage\"},\"image\":{\"@id\":\"https:\\\/\\\/lutek.eu\\\/home\\\/#primaryimage\"},\"thumbnailUrl\":\"https:\\\/\\\/lutek.eu\\\/home\\\/wp-content\\\/uploads\\\/978-3-9821795-1-3_600-auss.png\",\"datePublished\":\"2020-03-08T14:59:25+00:00\",\"dateModified\":\"2024-04-16T16:41:30+00:00\",\"description\":\"GULag-Erinnerungen - Lida \\\/ Uchta Zeitzeugen-Bericht aus sowjetischem Gef\u00e4ngnis und Straflager im sowjetisch besetzten Ostpolen (Belarus) und der russischen Republik Komi\",\"breadcrumb\":{\"@id\":\"https:\\\/\\\/lutek.eu\\\/home\\\/#breadcrumb\"},\"inLanguage\":\"de\",\"potentialAction\":[{\"@type\":\"ReadAction\",\"target\":[\"https:\\\/\\\/lutek.eu\\\/home\\\/\"]}]},{\"@type\":\"ImageObject\",\"inLanguage\":\"de\",\"@id\":\"https:\\\/\\\/lutek.eu\\\/home\\\/#primaryimage\",\"url\":\"https:\\\/\\\/lutek.eu\\\/home\\\/wp-content\\\/uploads\\\/978-3-9821795-1-3_600-auss.png\",\"contentUrl\":\"https:\\\/\\\/lutek.eu\\\/home\\\/wp-content\\\/uploads\\\/978-3-9821795-1-3_600-auss.png\",\"width\":600,\"height\":382,\"caption\":\"Umschlagseite des Buches\"},{\"@type\":\"BreadcrumbList\",\"@id\":\"https:\\\/\\\/lutek.eu\\\/home\\\/#breadcrumb\",\"itemListElement\":[{\"@type\":\"ListItem\",\"position\":1,\"name\":\"Startseite\",\"item\":\"https:\\\/\\\/lutek.eu\\\/home\\\/\"},{\"@type\":\"ListItem\",\"position\":2,\"name\":\"GULag-Erinnerungen\"}]},{\"@type\":\"WebSite\",\"@id\":\"https:\\\/\\\/lutek.eu\\\/home\\\/#website\",\"url\":\"https:\\\/\\\/lutek.eu\\\/home\\\/\",\"name\":\"GULag-Erinnerungen - Lida \\\/ Uchta\",\"description\":\"\",\"publisher\":{\"@id\":\"https:\\\/\\\/lutek.eu\\\/home\\\/#\\\/schema\\\/person\\\/470f45bb8b40dac6acd66606907ab7e7\"},\"potentialAction\":[{\"@type\":\"SearchAction\",\"target\":{\"@type\":\"EntryPoint\",\"urlTemplate\":\"https:\\\/\\\/lutek.eu\\\/home\\\/?s={search_term_string}\"},\"query-input\":{\"@type\":\"PropertyValueSpecification\",\"valueRequired\":true,\"valueName\":\"search_term_string\"}}],\"inLanguage\":\"de\"},{\"@type\":[\"Person\",\"Organization\"],\"@id\":\"https:\\\/\\\/lutek.eu\\\/home\\\/#\\\/schema\\\/person\\\/470f45bb8b40dac6acd66606907ab7e7\",\"name\":\"nb\",\"logo\":{\"@id\":\"https:\\\/\\\/lutek.eu\\\/home\\\/#\\\/schema\\\/person\\\/image\\\/\"}}]}<\/script>\n<!-- \/ Yoast SEO plugin. -->","yoast_head_json":{"title":"GULag-Erinnerungen - Lida \/ Uchta - 1939-1941 - Gefangennahme, Fluchtversuch, Verurteilung zur Zwangsarbeit","description":"GULag-Erinnerungen - Lida \/ Uchta Zeitzeugen-Bericht aus sowjetischem Gef\u00e4ngnis und Straflager im sowjetisch besetzten Ostpolen (Belarus) und der russischen Republik Komi","robots":{"index":"index","follow":"follow","max-snippet":"max-snippet:-1","max-image-preview":"max-image-preview:large","max-video-preview":"max-video-preview:-1"},"canonical":"https:\/\/lutek.eu\/home\/","twitter_misc":{"Gesch\u00e4tzte Lesezeit":"3\u00a0Minuten"},"schema":{"@context":"https:\/\/schema.org","@graph":[{"@type":"WebPage","@id":"https:\/\/lutek.eu\/home\/","url":"https:\/\/lutek.eu\/home\/","name":"GULag-Erinnerungen - Lida \/ Uchta - 1939-1941 - Gefangennahme, Fluchtversuch, Verurteilung zur Zwangsarbeit","isPartOf":{"@id":"https:\/\/lutek.eu\/home\/#website"},"primaryImageOfPage":{"@id":"https:\/\/lutek.eu\/home\/#primaryimage"},"image":{"@id":"https:\/\/lutek.eu\/home\/#primaryimage"},"thumbnailUrl":"https:\/\/lutek.eu\/home\/wp-content\/uploads\/978-3-9821795-1-3_600-auss.png","datePublished":"2020-03-08T14:59:25+00:00","dateModified":"2024-04-16T16:41:30+00:00","description":"GULag-Erinnerungen - Lida \/ Uchta Zeitzeugen-Bericht aus sowjetischem Gef\u00e4ngnis und Straflager im sowjetisch besetzten Ostpolen (Belarus) und der russischen Republik Komi","breadcrumb":{"@id":"https:\/\/lutek.eu\/home\/#breadcrumb"},"inLanguage":"de","potentialAction":[{"@type":"ReadAction","target":["https:\/\/lutek.eu\/home\/"]}]},{"@type":"ImageObject","inLanguage":"de","@id":"https:\/\/lutek.eu\/home\/#primaryimage","url":"https:\/\/lutek.eu\/home\/wp-content\/uploads\/978-3-9821795-1-3_600-auss.png","contentUrl":"https:\/\/lutek.eu\/home\/wp-content\/uploads\/978-3-9821795-1-3_600-auss.png","width":600,"height":382,"caption":"Umschlagseite des Buches"},{"@type":"BreadcrumbList","@id":"https:\/\/lutek.eu\/home\/#breadcrumb","itemListElement":[{"@type":"ListItem","position":1,"name":"Startseite","item":"https:\/\/lutek.eu\/home\/"},{"@type":"ListItem","position":2,"name":"GULag-Erinnerungen"}]},{"@type":"WebSite","@id":"https:\/\/lutek.eu\/home\/#website","url":"https:\/\/lutek.eu\/home\/","name":"GULag-Erinnerungen - Lida \/ Uchta","description":"","publisher":{"@id":"https:\/\/lutek.eu\/home\/#\/schema\/person\/470f45bb8b40dac6acd66606907ab7e7"},"potentialAction":[{"@type":"SearchAction","target":{"@type":"EntryPoint","urlTemplate":"https:\/\/lutek.eu\/home\/?s={search_term_string}"},"query-input":{"@type":"PropertyValueSpecification","valueRequired":true,"valueName":"search_term_string"}}],"inLanguage":"de"},{"@type":["Person","Organization"],"@id":"https:\/\/lutek.eu\/home\/#\/schema\/person\/470f45bb8b40dac6acd66606907ab7e7","name":"nb","logo":{"@id":"https:\/\/lutek.eu\/home\/#\/schema\/person\/image\/"}}]}},"_links":{"self":[{"href":"https:\/\/lutek.eu\/home\/wp-json\/wp\/v2\/pages\/2","targetHints":{"allow":["GET"]}}],"collection":[{"href":"https:\/\/lutek.eu\/home\/wp-json\/wp\/v2\/pages"}],"about":[{"href":"https:\/\/lutek.eu\/home\/wp-json\/wp\/v2\/types\/page"}],"author":[{"embeddable":true,"href":"https:\/\/lutek.eu\/home\/wp-json\/wp\/v2\/users\/1"}],"replies":[{"embeddable":true,"href":"https:\/\/lutek.eu\/home\/wp-json\/wp\/v2\/comments?post=2"}],"version-history":[{"count":26,"href":"https:\/\/lutek.eu\/home\/wp-json\/wp\/v2\/pages\/2\/revisions"}],"predecessor-version":[{"id":505,"href":"https:\/\/lutek.eu\/home\/wp-json\/wp\/v2\/pages\/2\/revisions\/505"}],"wp:attachment":[{"href":"https:\/\/lutek.eu\/home\/wp-json\/wp\/v2\/media?parent=2"}],"curies":[{"name":"wp","href":"https:\/\/api.w.org\/{rel}","templated":true}]}}