{"id":33,"date":"2020-03-12T13:01:53","date_gmt":"2020-03-12T12:01:53","guid":{"rendered":"https:\/\/lutek.eu\/home\/?page_id=33"},"modified":"2020-11-23T11:20:29","modified_gmt":"2020-11-23T10:20:29","slug":"warum-diese-seiten","status":"publish","type":"page","link":"https:\/\/lutek.eu\/home\/warum-diese-seiten\/","title":{"rendered":"Warum diese Seiten ?"},"content":{"rendered":"<p>Lucjan Batorowicz, der seine Erinnerungen an die Jahre1939-1941 aufschrieb, wollte seine Lebenserinnerungen ver\u00f6ffentlichen, um sie der Nachwelt zug\u00e4nglich zu machen. Er starb jedoch, bevor er seine Arbeit vollenden konnte.<\/p>\n<p>Die Lekt\u00fcre dieser Erinnerungen bewegte den Betreiber dieser Webseiten dazu, mit der Ver\u00f6ffentlichung dem Wunsch des Autors posthum nachzukommen. Im Laufe der Zeit werden die Erinnerungen erg\u00e4nzt um weitere Berichte.<\/p>\n<ul>\n<li>Erinnerungen 1939-1941<\/li>\n<li>Der Weg aus dem Straflager durch den Krieg in die Freiheit<\/li>\n<li>Deutscher Teil<\/li>\n<\/ul>\n<p>Diese Seiten sollen dazu beitragen, auf die Gewalt aufmerksam zu machen, denen Gefangene und Menschen im Allgemeinen ausgesetzt sein k\u00f6nnen. Brutalit\u00e4t und Gewalt sind meiner Meinung nach ein generelles Problem der Menschheit und weder an Nationalit\u00e4t noch Religion gebunden. \u00dcberall und zu allen Zeiten sind Menschen, denen Macht gegeben wurde (egal ob in verantwortlicher Stellung in Wirtschaft und Politik oder als W\u00e4rter in einer Gefangeneneinrichtung, im Gef\u00e4ngnis, im Lager, in Kinderheimen, in Heimen f\u00fcr kranke oder behinderte Menschen, in Fl\u00fcchtlingseinrichtungen usw.) in Versuchung, diese Macht zu missbrauchen.<\/p>\n<p>Wer wei\u00df eine L\u00f6sung? Gibt es L\u00f6sungen?<\/p>\n<p><a href=\"https:\/\/lutek.eu\/home\/gulag-erinnerungen\/978-3-9821795-1-3_umschlag\/#main\" rel=\"attachment wp-att-287\"><img loading=\"lazy\" decoding=\"async\" class=\"aligncenter size-full wp-image-287\" src=\"https:\/\/lutek.eu\/home\/wp-content\/uploads\/978-3-9821795-1-3_umschlag-.png\" alt=\"Krutaja - Gasruss\" width=\"942\" height=\"600\" srcset=\"https:\/\/lutek.eu\/home\/wp-content\/uploads\/978-3-9821795-1-3_umschlag-.png 942w, https:\/\/lutek.eu\/home\/wp-content\/uploads\/978-3-9821795-1-3_umschlag--300x191.png 300w, https:\/\/lutek.eu\/home\/wp-content\/uploads\/978-3-9821795-1-3_umschlag--600x382.png 600w, https:\/\/lutek.eu\/home\/wp-content\/uploads\/978-3-9821795-1-3_umschlag--200x127.png 200w, https:\/\/lutek.eu\/home\/wp-content\/uploads\/978-3-9821795-1-3_umschlag--768x489.png 768w\" sizes=\"auto, (max-width: 942px) 100vw, 942px\" \/><\/a><\/p>\n","protected":false},"excerpt":{"rendered":"<p>Lucjan Batorowicz, der seine Erinnerungen an die Jahre1939-1941 aufschrieb, wollte seine Lebenserinnerungen ver\u00f6ffentlichen, um sie der Nachwelt zug\u00e4nglich zu machen. Er starb jedoch, bevor er seine Arbeit vollenden konnte. Die Lekt\u00fcre dieser Erinnerungen bewegte den <a class=\"more-link\" href=\"https:\/\/lutek.eu\/home\/warum-diese-seiten\/\">mehr &#8230;<\/a><\/p>\n","protected":false},"author":1,"featured_media":0,"parent":0,"menu_order":0,"comment_status":"closed","ping_status":"closed","template":"","meta":{"footnotes":""},"class_list":["post-33","page","type-page","status-publish","hentry"],"yoast_head":"<!-- This site is optimized with the Yoast SEO plugin v27.4 - https:\/\/yoast.com\/product\/yoast-seo-wordpress\/ -->\n<title>Warum ?<\/title>\n<meta name=\"description\" content=\"GULag-Erinnerungen - Lida \/ Uchta Warum diese Seiten ? Diese Seiten sollen dazu beitragen, auf die Gewalt aufmerksam zu machen, denen Gefangene und Menschen im Allgemeinen ausgesetzt sein k\u00f6nnen.\" \/>\n<meta name=\"robots\" content=\"index, follow, max-snippet:-1, max-image-preview:large, max-video-preview:-1\" \/>\n<link rel=\"canonical\" href=\"https:\/\/lutek.eu\/home\/warum-diese-seiten\/\" \/>\n<meta name=\"twitter:label1\" content=\"Gesch\u00e4tzte Lesezeit\" \/>\n\t<meta name=\"twitter:data1\" content=\"1\u00a0Minute\" \/>\n<script type=\"application\/ld+json\" class=\"yoast-schema-graph\">{\"@context\":\"https:\\\/\\\/schema.org\",\"@graph\":[{\"@type\":\"WebPage\",\"@id\":\"https:\\\/\\\/lutek.eu\\\/home\\\/warum-diese-seiten\\\/\",\"url\":\"https:\\\/\\\/lutek.eu\\\/home\\\/warum-diese-seiten\\\/\",\"name\":\"Warum ?\",\"isPartOf\":{\"@id\":\"https:\\\/\\\/lutek.eu\\\/home\\\/#website\"},\"primaryImageOfPage\":{\"@id\":\"https:\\\/\\\/lutek.eu\\\/home\\\/warum-diese-seiten\\\/#primaryimage\"},\"image\":{\"@id\":\"https:\\\/\\\/lutek.eu\\\/home\\\/warum-diese-seiten\\\/#primaryimage\"},\"thumbnailUrl\":\"https:\\\/\\\/lutek.eu\\\/home\\\/wp-content\\\/uploads\\\/978-3-9821795-1-3_umschlag-.png\",\"datePublished\":\"2020-03-12T12:01:53+00:00\",\"dateModified\":\"2020-11-23T10:20:29+00:00\",\"description\":\"GULag-Erinnerungen - Lida \\\/ Uchta Warum diese Seiten ? Diese Seiten sollen dazu beitragen, auf die Gewalt aufmerksam zu machen, denen Gefangene und Menschen im Allgemeinen ausgesetzt sein k\u00f6nnen.\",\"breadcrumb\":{\"@id\":\"https:\\\/\\\/lutek.eu\\\/home\\\/warum-diese-seiten\\\/#breadcrumb\"},\"inLanguage\":\"de\",\"potentialAction\":[{\"@type\":\"ReadAction\",\"target\":[\"https:\\\/\\\/lutek.eu\\\/home\\\/warum-diese-seiten\\\/\"]}]},{\"@type\":\"ImageObject\",\"inLanguage\":\"de\",\"@id\":\"https:\\\/\\\/lutek.eu\\\/home\\\/warum-diese-seiten\\\/#primaryimage\",\"url\":\"https:\\\/\\\/lutek.eu\\\/home\\\/wp-content\\\/uploads\\\/978-3-9821795-1-3_umschlag-.png\",\"contentUrl\":\"https:\\\/\\\/lutek.eu\\\/home\\\/wp-content\\\/uploads\\\/978-3-9821795-1-3_umschlag-.png\",\"width\":942,\"height\":600,\"caption\":\"Krutaja - Gasruss\"},{\"@type\":\"BreadcrumbList\",\"@id\":\"https:\\\/\\\/lutek.eu\\\/home\\\/warum-diese-seiten\\\/#breadcrumb\",\"itemListElement\":[{\"@type\":\"ListItem\",\"position\":1,\"name\":\"Startseite\",\"item\":\"https:\\\/\\\/lutek.eu\\\/home\\\/\"},{\"@type\":\"ListItem\",\"position\":2,\"name\":\"Warum diese Seiten ?\"}]},{\"@type\":\"WebSite\",\"@id\":\"https:\\\/\\\/lutek.eu\\\/home\\\/#website\",\"url\":\"https:\\\/\\\/lutek.eu\\\/home\\\/\",\"name\":\"GULag-Erinnerungen - Lida \\\/ Uchta\",\"description\":\"\",\"publisher\":{\"@id\":\"https:\\\/\\\/lutek.eu\\\/home\\\/#\\\/schema\\\/person\\\/470f45bb8b40dac6acd66606907ab7e7\"},\"potentialAction\":[{\"@type\":\"SearchAction\",\"target\":{\"@type\":\"EntryPoint\",\"urlTemplate\":\"https:\\\/\\\/lutek.eu\\\/home\\\/?s={search_term_string}\"},\"query-input\":{\"@type\":\"PropertyValueSpecification\",\"valueRequired\":true,\"valueName\":\"search_term_string\"}}],\"inLanguage\":\"de\"},{\"@type\":[\"Person\",\"Organization\"],\"@id\":\"https:\\\/\\\/lutek.eu\\\/home\\\/#\\\/schema\\\/person\\\/470f45bb8b40dac6acd66606907ab7e7\",\"name\":\"nb\",\"logo\":{\"@id\":\"https:\\\/\\\/lutek.eu\\\/home\\\/#\\\/schema\\\/person\\\/image\\\/\"}}]}<\/script>\n<!-- \/ Yoast SEO plugin. -->","yoast_head_json":{"title":"Warum ?","description":"GULag-Erinnerungen - Lida \/ Uchta Warum diese Seiten ? Diese Seiten sollen dazu beitragen, auf die Gewalt aufmerksam zu machen, denen Gefangene und Menschen im Allgemeinen ausgesetzt sein k\u00f6nnen.","robots":{"index":"index","follow":"follow","max-snippet":"max-snippet:-1","max-image-preview":"max-image-preview:large","max-video-preview":"max-video-preview:-1"},"canonical":"https:\/\/lutek.eu\/home\/warum-diese-seiten\/","twitter_misc":{"Gesch\u00e4tzte Lesezeit":"1\u00a0Minute"},"schema":{"@context":"https:\/\/schema.org","@graph":[{"@type":"WebPage","@id":"https:\/\/lutek.eu\/home\/warum-diese-seiten\/","url":"https:\/\/lutek.eu\/home\/warum-diese-seiten\/","name":"Warum ?","isPartOf":{"@id":"https:\/\/lutek.eu\/home\/#website"},"primaryImageOfPage":{"@id":"https:\/\/lutek.eu\/home\/warum-diese-seiten\/#primaryimage"},"image":{"@id":"https:\/\/lutek.eu\/home\/warum-diese-seiten\/#primaryimage"},"thumbnailUrl":"https:\/\/lutek.eu\/home\/wp-content\/uploads\/978-3-9821795-1-3_umschlag-.png","datePublished":"2020-03-12T12:01:53+00:00","dateModified":"2020-11-23T10:20:29+00:00","description":"GULag-Erinnerungen - Lida \/ Uchta Warum diese Seiten ? Diese Seiten sollen dazu beitragen, auf die Gewalt aufmerksam zu machen, denen Gefangene und Menschen im Allgemeinen ausgesetzt sein k\u00f6nnen.","breadcrumb":{"@id":"https:\/\/lutek.eu\/home\/warum-diese-seiten\/#breadcrumb"},"inLanguage":"de","potentialAction":[{"@type":"ReadAction","target":["https:\/\/lutek.eu\/home\/warum-diese-seiten\/"]}]},{"@type":"ImageObject","inLanguage":"de","@id":"https:\/\/lutek.eu\/home\/warum-diese-seiten\/#primaryimage","url":"https:\/\/lutek.eu\/home\/wp-content\/uploads\/978-3-9821795-1-3_umschlag-.png","contentUrl":"https:\/\/lutek.eu\/home\/wp-content\/uploads\/978-3-9821795-1-3_umschlag-.png","width":942,"height":600,"caption":"Krutaja - Gasruss"},{"@type":"BreadcrumbList","@id":"https:\/\/lutek.eu\/home\/warum-diese-seiten\/#breadcrumb","itemListElement":[{"@type":"ListItem","position":1,"name":"Startseite","item":"https:\/\/lutek.eu\/home\/"},{"@type":"ListItem","position":2,"name":"Warum diese Seiten ?"}]},{"@type":"WebSite","@id":"https:\/\/lutek.eu\/home\/#website","url":"https:\/\/lutek.eu\/home\/","name":"GULag-Erinnerungen - Lida \/ Uchta","description":"","publisher":{"@id":"https:\/\/lutek.eu\/home\/#\/schema\/person\/470f45bb8b40dac6acd66606907ab7e7"},"potentialAction":[{"@type":"SearchAction","target":{"@type":"EntryPoint","urlTemplate":"https:\/\/lutek.eu\/home\/?s={search_term_string}"},"query-input":{"@type":"PropertyValueSpecification","valueRequired":true,"valueName":"search_term_string"}}],"inLanguage":"de"},{"@type":["Person","Organization"],"@id":"https:\/\/lutek.eu\/home\/#\/schema\/person\/470f45bb8b40dac6acd66606907ab7e7","name":"nb","logo":{"@id":"https:\/\/lutek.eu\/home\/#\/schema\/person\/image\/"}}]}},"_links":{"self":[{"href":"https:\/\/lutek.eu\/home\/wp-json\/wp\/v2\/pages\/33","targetHints":{"allow":["GET"]}}],"collection":[{"href":"https:\/\/lutek.eu\/home\/wp-json\/wp\/v2\/pages"}],"about":[{"href":"https:\/\/lutek.eu\/home\/wp-json\/wp\/v2\/types\/page"}],"author":[{"embeddable":true,"href":"https:\/\/lutek.eu\/home\/wp-json\/wp\/v2\/users\/1"}],"replies":[{"embeddable":true,"href":"https:\/\/lutek.eu\/home\/wp-json\/wp\/v2\/comments?post=33"}],"version-history":[{"count":4,"href":"https:\/\/lutek.eu\/home\/wp-json\/wp\/v2\/pages\/33\/revisions"}],"predecessor-version":[{"id":292,"href":"https:\/\/lutek.eu\/home\/wp-json\/wp\/v2\/pages\/33\/revisions\/292"}],"wp:attachment":[{"href":"https:\/\/lutek.eu\/home\/wp-json\/wp\/v2\/media?parent=33"}],"curies":[{"name":"wp","href":"https:\/\/api.w.org\/{rel}","templated":true}]}}