{"id":383,"date":"2021-12-23T17:36:57","date_gmt":"2021-12-23T16:36:57","guid":{"rendered":"https:\/\/lutek.eu\/home\/?page_id=383"},"modified":"2025-04-05T13:35:35","modified_gmt":"2025-04-05T11:35:35","slug":"700-jahre-700-synagogen","status":"publish","type":"page","link":"https:\/\/lutek.eu\/home\/wooden-synagogues\/700-jahre-700-synagogen\/","title":{"rendered":"700 JAHRE &#8211; 700 SYNAGOGEN"},"content":{"rendered":"<div class=\"divbordermode1\" title=\"Wooden Synagogues Memoryal: Logo\">\n<h3><a href=\"https:\/\/lutek.eu\/woodens\/\" target=\"woodens\" rel=\"noopener noreferrer\"> <img loading=\"lazy\" decoding=\"async\" class=\"alignright\" src=\"https:\/\/lutek.eu\/home\/Wooden%20Synagogues%20Memorial-Dateien\/wsm-logo.gif\" alt=\"Wooden Synagogues Memoryal: Logo\" width=\"225\" height=\"225\" border=\"0\" \/><\/a><b> von Julio Hochberg<\/b><\/h3>\n<p>Bei meinen Nachforschungen \u00fcber Miedzna, den Ort in Polen, aus dem mein Vater stammte und in dem meine Verwandten lebten, fand ich ein Bild einer Holzsynagoge mit einer unglaublichen und originellen Gestaltung. Es war die Synagoge von Kossow Lacki, einer Stadt, in der die Eltern von Samuel Trotz, meinem Cousin aus Berkeley, Kalifornien, lebten. Sie wurde vor 200 Jahren gebaut und im Zweiten Weltkrieg von den Deutschen niedergebrannt. Die Juden der Stadt wurden in die Synagoge gezwungen und bei lebendigem Leib verbrannt.<\/p>\n<p>Sp\u00e4ter stie\u00df ich auf das National Yiddish Book Center in Amherst, Massachusetts, in der N\u00e4he von Boston, und darauf, dass der Architekt dieses Geb\u00e4ude in Anlehnung an die Formen der Holzsynagogen in Osteuropa entworfen hatte. Diese Fakten haben meine Neugierde geweckt, und von da an begann ich, \u00fcber die Geschichte und die einzigartige Architektur dieser Geb\u00e4ude zu recherchieren.<\/p>\n<\/div>\n<h2>Im Laufe von 700 Jahren wurden 700 h\u00f6lzerne Synagogen gebaut<\/h2>\n<p>Im Laufe von 700 Jahren wurden in Polen, Litauen, Russland, der Ukraine und Bulgarien 700 Synagogen aus Holz gebaut. Sie \u00fcberlebten bis zum Zweiten Weltkrieg. Heute sind nur noch 7 bis 10 Synagogen intakt. Wir haben Dokumente, Fotos, Geschichten oder Illustrationen von nur 140 Synagogen gesammelt.<\/p>\n<p>Diese Informationen sind das Ergebnis meiner Nachforschungen, an denen Vera Menda Hochberg, meine Frau, und Adriana Yamamoto Hochberg, meine Tochter, beteiligt waren.<br \/>\nIn Erechim, Rio Grande do Sul, Brasilien, gab es ebenfalls eine Holzsynagoge. Es ist die Stadt meines Freundes David Raskin.<br \/>\nDie Synagogen wurden aus Holz gebaut, weil dieses Material in der Region im \u00dcberfluss vorhanden war und weil die Juden nur G\u00e4ste Polens und der anderen L\u00e4nder waren und daher nicht als Staatsangeh\u00f6rige galten. Holz war ein Material, das nicht von Dauer sein w\u00fcrde! Aber dank der j\u00fcdischen Weisheit hatten viele Synagogen eine dreifache Wand: Holz, Ziegel und Zement, und wurden innen wieder mit Holz verkleidet!<\/p>\n<h2>Gedenkprojekt der h\u00f6lzernen Synagogen<\/h2>\n<p>Mit allen Informationen in der Hand habe ich das Projekt zur Erinnerung an die h\u00f6lzernen Synagogen begonnen. Ich habe 140 Synagogen in eine Schriftrolle gezeichnet, und die Lebensb\u00e4ume wurden in Miedzna hergestellt, dem Dorf, in dem mein Vater Jayme Hochberg geboren wurde. \u00dcber das Internet habe ich einen Bildhauer gefunden, der dort lebt, und ich bin pers\u00f6nlich nach Miedzna gefahren, um die Lebensb\u00e4ume zur\u00fcckzubringen. Sie wurden aus Holz aus dieser Region Polens gefertigt. Der blaue Samtmantel wurde von Vera Hochberg entworfen und die Goldstickerei von Frau Halina Pyrac aus Miedzna.<\/p>\n<p>Wenn wir uns die Synagogen ansehen, sind wir von ihrer Sch\u00f6nheit und Originalit\u00e4t beeindruckt. Wir sind stolz auf die architektonischen und kreativen F\u00e4higkeiten der Juden jener Zeit. Die Innenausstattung war mit Gem\u00e4lden, M\u00f6beln, Kronleuchtern und Glasmalereien \u00e4u\u00dferst raffiniert. Die Fenster hatten oft die Form der Gesetzestafeln.<\/p>\n<p>&nbsp;<\/p>\n<h2><a href=\"https:\/\/lutek.eu\/home\/miedzna\/mahnmal-zur-erinnerung-an-die-juden-von-miedzna\/\">Die Juden von Miedzna<\/a><\/h2>\n<p>In Miedzna, einem Dorf mit nur acht Stra\u00dfen und 250 Juden, gab es eine kleine Holzsynagoge. An der T\u00fcr stand ein Fass mit Wasser, um sich die H\u00e4nde zu waschen, bevor man sie betrat, und sehr ernsthafte Gl\u00e4ubige, die mit gro\u00dfer Inbrunst beteten und sich von den Scherzen der katholischen Kinder, die sie mit V\u00f6geln (Wrobels) abzulenken versuchten, nicht beeindrucken lie\u00dfen. An der Stelle der Boznica (Synagoge auf Polnisch) wurde eine Bank gebaut. an der Ecke der Stra\u00dfe (ulica) Bednarska; nur zwei H\u00e4userblocks entfernt existiert noch die Schule meines Vaters &#8230;<\/p>\n<div class=\"divbordermode1\" title=\"at the museum\"><img loading=\"lazy\" decoding=\"async\" class=\"aligncenter\" src=\"https:\/\/lutek.eu\/home\/img\/OT-4_500x375.jpg\" alt=\"at the museum\" width=\"500\" height=\"375\" \/><\/div>\n<div class=\"divbordermode1\" title=\"family\"><img loading=\"lazy\" decoding=\"async\" class=\"aligncenter\" src=\"https:\/\/lutek.eu\/home\/img\/OT-3_500x258.jpg\" alt=\"family\" width=\"500\" height=\"258\" \/><\/div>\n<div class=\"divbordermode1\" title=\"\"><img loading=\"lazy\" decoding=\"async\" class=\"aligncenter\" src=\"https:\/\/lutek.eu\/home\/img\/OT-6_500x375.jpg\" alt=\"\" width=\"500\" height=\"375\" \/><\/div>\n<div class=\"divbordermode1\" title=\"\"><img loading=\"lazy\" decoding=\"async\" class=\"aligncenter\" src=\"https:\/\/lutek.eu\/home\/img\/OT-9_500x375.jpg\" alt=\"\" width=\"500\" height=\"375\" \/><\/div>\n<p align=\"justify\">ALANTA, ALSEDZIAI, ASTRAKHAN, BAKALARZEWO, BECHHOGEN, BIELSK PODLASKI, BIRZE, BOGORIA, BRZOZDOWCE, CHODOROW, CHODOROW BOZNICA, CHYROW, DOBRZYN, FELSZTYN, GABIN, GAWIDZIN, GLEBOKIE, GLINNE, GRODEK, GRODNO, GRODNO, GWOZDZIEC, JABLONOW, JANOW SOKOLSKI, JANOW TREMBOWELSKI ON THE SERET, JARMOLINCE, JARYSZEW, JEDWABNO BOZNICA, JEZIORY, JURBARKAS, KALTINIENI, KAMIENIEC, KAMIONKA STRUMILOWA, KATERYNBURG, KITAJGROD, KONSKIE, KORNIK, KOSOW LACKI, KOZANGRODEK, KURKILIAI, KUZMIR, LANCKORUN, LAUKUVA, LIPSKO, LUBAN, LUNNA WOLA, LUTOMIERSK, LVIV, LYAKHOVICHI, LYUBAN, MEDZIBOZH, MICHALPOL, MINKOWCE, MOGIELNICA, MOHYLOW PODOLSKI ON THE DNIESTER, MOYLOW ON THE DNIEPER, NASIELK, NORYNSK, NAROWLA, NOWOGROD, NOWOGRODEK, ODELSK, OLKIENNIKI, ORSZA, OSTROPOL, OSTRINA, OSTROWIEC SWIETOKRZYZKI, PILICA, POHREBYSZCZE, POKROJE, PORYCK, POWODZ, PRZCWORSK, PRZEDBORZ, RADOM, RAJGROD, REINZIKES, REZEKNO, RIEBINI, ROPCZYCE, ROZALIMAS, RZOCHOW, RUMSISKES, SEDA, SHKUDVIL, SIDRA, SIERPC, SMOTRYCZ, SNIADOWO, SNITKOWO, SOPOCKINIE, SUBATE, SUCHOSTAW, SUCHOWOLA, SUESKESNA, SZAWKIANY, SZAWLANY, TELAKI, TIRKSLIAI, TYKOCIN, USHACHI, UZLANY, VILKAVISKIS, VISKI, WARKA, WASILKOW, WILKOWISZKI, WIZUNY, WOLOCZYSKA, WOLPA, WORONOWO, WYSOKIE MAZOWIECKIE, YURBURG, ZABLUDOW, ZYDACZOW<\/p>\n","protected":false},"excerpt":{"rendered":"<p>von Julio Hochberg Bei meinen Nachforschungen \u00fcber Miedzna, den Ort in Polen, aus dem mein Vater stammte und in dem meine Verwandten lebten, fand ich ein Bild einer Holzsynagoge mit einer unglaublichen und originellen Gestaltung. <a class=\"more-link\" href=\"https:\/\/lutek.eu\/home\/wooden-synagogues\/700-jahre-700-synagogen\/\">mehr &#8230;<\/a><\/p>\n","protected":false},"author":1,"featured_media":0,"parent":94,"menu_order":0,"comment_status":"closed","ping_status":"closed","template":"","meta":{"footnotes":""},"class_list":["post-383","page","type-page","status-publish","hentry"],"yoast_head":"<!-- This site is optimized with the Yoast SEO plugin v27.4 - https:\/\/yoast.com\/product\/yoast-seo-wordpress\/ -->\n<title>700 JAHRE \u2013 700 SYNAGOGEN - Die Juden von Miedzna<\/title>\n<meta name=\"description\" content=\"GULag-Erinnerungen - Lida \/ Uchta 700 JAHRE - 700 SYNAGOGEN\" \/>\n<meta name=\"robots\" content=\"index, follow, max-snippet:-1, max-image-preview:large, max-video-preview:-1\" \/>\n<link rel=\"canonical\" href=\"https:\/\/lutek.eu\/home\/wooden-synagogues\/700-jahre-700-synagogen\/\" \/>\n<meta name=\"twitter:label1\" content=\"Gesch\u00e4tzte Lesezeit\" \/>\n\t<meta name=\"twitter:data1\" content=\"3\u00a0Minuten\" \/>\n<script type=\"application\/ld+json\" class=\"yoast-schema-graph\">{\"@context\":\"https:\\\/\\\/schema.org\",\"@graph\":[{\"@type\":\"WebPage\",\"@id\":\"https:\\\/\\\/lutek.eu\\\/home\\\/wooden-synagogues\\\/700-jahre-700-synagogen\\\/\",\"url\":\"https:\\\/\\\/lutek.eu\\\/home\\\/wooden-synagogues\\\/700-jahre-700-synagogen\\\/\",\"name\":\"700 JAHRE \u2013 700 SYNAGOGEN - Die Juden von Miedzna\",\"isPartOf\":{\"@id\":\"https:\\\/\\\/lutek.eu\\\/home\\\/#website\"},\"primaryImageOfPage\":{\"@id\":\"https:\\\/\\\/lutek.eu\\\/home\\\/wooden-synagogues\\\/700-jahre-700-synagogen\\\/#primaryimage\"},\"image\":{\"@id\":\"https:\\\/\\\/lutek.eu\\\/home\\\/wooden-synagogues\\\/700-jahre-700-synagogen\\\/#primaryimage\"},\"thumbnailUrl\":\"https:\\\/\\\/lutek.eu\\\/home\\\/Wooden%20Synagogues%20Memorial-Dateien\\\/wsm-logo.gif\",\"datePublished\":\"2021-12-23T16:36:57+00:00\",\"dateModified\":\"2025-04-05T11:35:35+00:00\",\"description\":\"GULag-Erinnerungen - Lida \\\/ Uchta 700 JAHRE - 700 SYNAGOGEN\",\"breadcrumb\":{\"@id\":\"https:\\\/\\\/lutek.eu\\\/home\\\/wooden-synagogues\\\/700-jahre-700-synagogen\\\/#breadcrumb\"},\"inLanguage\":\"de\",\"potentialAction\":[{\"@type\":\"ReadAction\",\"target\":[\"https:\\\/\\\/lutek.eu\\\/home\\\/wooden-synagogues\\\/700-jahre-700-synagogen\\\/\"]}]},{\"@type\":\"ImageObject\",\"inLanguage\":\"de\",\"@id\":\"https:\\\/\\\/lutek.eu\\\/home\\\/wooden-synagogues\\\/700-jahre-700-synagogen\\\/#primaryimage\",\"url\":\"https:\\\/\\\/lutek.eu\\\/home\\\/Wooden%20Synagogues%20Memorial-Dateien\\\/wsm-logo.gif\",\"contentUrl\":\"https:\\\/\\\/lutek.eu\\\/home\\\/Wooden%20Synagogues%20Memorial-Dateien\\\/wsm-logo.gif\"},{\"@type\":\"BreadcrumbList\",\"@id\":\"https:\\\/\\\/lutek.eu\\\/home\\\/wooden-synagogues\\\/700-jahre-700-synagogen\\\/#breadcrumb\",\"itemListElement\":[{\"@type\":\"ListItem\",\"position\":1,\"name\":\"Startseite\",\"item\":\"https:\\\/\\\/lutek.eu\\\/home\\\/\"},{\"@type\":\"ListItem\",\"position\":2,\"name\":\"Wooden Synagogues Memorial\",\"item\":\"https:\\\/\\\/lutek.eu\\\/home\\\/wooden-synagogues\\\/\"},{\"@type\":\"ListItem\",\"position\":3,\"name\":\"700 JAHRE &#8211; 700 SYNAGOGEN\"}]},{\"@type\":\"WebSite\",\"@id\":\"https:\\\/\\\/lutek.eu\\\/home\\\/#website\",\"url\":\"https:\\\/\\\/lutek.eu\\\/home\\\/\",\"name\":\"GULag-Erinnerungen - Lida \\\/ Uchta\",\"description\":\"\",\"publisher\":{\"@id\":\"https:\\\/\\\/lutek.eu\\\/home\\\/#\\\/schema\\\/person\\\/470f45bb8b40dac6acd66606907ab7e7\"},\"potentialAction\":[{\"@type\":\"SearchAction\",\"target\":{\"@type\":\"EntryPoint\",\"urlTemplate\":\"https:\\\/\\\/lutek.eu\\\/home\\\/?s={search_term_string}\"},\"query-input\":{\"@type\":\"PropertyValueSpecification\",\"valueRequired\":true,\"valueName\":\"search_term_string\"}}],\"inLanguage\":\"de\"},{\"@type\":[\"Person\",\"Organization\"],\"@id\":\"https:\\\/\\\/lutek.eu\\\/home\\\/#\\\/schema\\\/person\\\/470f45bb8b40dac6acd66606907ab7e7\",\"name\":\"nb\",\"logo\":{\"@id\":\"https:\\\/\\\/lutek.eu\\\/home\\\/#\\\/schema\\\/person\\\/image\\\/\"}}]}<\/script>\n<!-- \/ Yoast SEO plugin. -->","yoast_head_json":{"title":"700 JAHRE \u2013 700 SYNAGOGEN - Die Juden von Miedzna","description":"GULag-Erinnerungen - Lida \/ Uchta 700 JAHRE - 700 SYNAGOGEN","robots":{"index":"index","follow":"follow","max-snippet":"max-snippet:-1","max-image-preview":"max-image-preview:large","max-video-preview":"max-video-preview:-1"},"canonical":"https:\/\/lutek.eu\/home\/wooden-synagogues\/700-jahre-700-synagogen\/","twitter_misc":{"Gesch\u00e4tzte Lesezeit":"3\u00a0Minuten"},"schema":{"@context":"https:\/\/schema.org","@graph":[{"@type":"WebPage","@id":"https:\/\/lutek.eu\/home\/wooden-synagogues\/700-jahre-700-synagogen\/","url":"https:\/\/lutek.eu\/home\/wooden-synagogues\/700-jahre-700-synagogen\/","name":"700 JAHRE \u2013 700 SYNAGOGEN - Die Juden von Miedzna","isPartOf":{"@id":"https:\/\/lutek.eu\/home\/#website"},"primaryImageOfPage":{"@id":"https:\/\/lutek.eu\/home\/wooden-synagogues\/700-jahre-700-synagogen\/#primaryimage"},"image":{"@id":"https:\/\/lutek.eu\/home\/wooden-synagogues\/700-jahre-700-synagogen\/#primaryimage"},"thumbnailUrl":"https:\/\/lutek.eu\/home\/Wooden%20Synagogues%20Memorial-Dateien\/wsm-logo.gif","datePublished":"2021-12-23T16:36:57+00:00","dateModified":"2025-04-05T11:35:35+00:00","description":"GULag-Erinnerungen - Lida \/ Uchta 700 JAHRE - 700 SYNAGOGEN","breadcrumb":{"@id":"https:\/\/lutek.eu\/home\/wooden-synagogues\/700-jahre-700-synagogen\/#breadcrumb"},"inLanguage":"de","potentialAction":[{"@type":"ReadAction","target":["https:\/\/lutek.eu\/home\/wooden-synagogues\/700-jahre-700-synagogen\/"]}]},{"@type":"ImageObject","inLanguage":"de","@id":"https:\/\/lutek.eu\/home\/wooden-synagogues\/700-jahre-700-synagogen\/#primaryimage","url":"https:\/\/lutek.eu\/home\/Wooden%20Synagogues%20Memorial-Dateien\/wsm-logo.gif","contentUrl":"https:\/\/lutek.eu\/home\/Wooden%20Synagogues%20Memorial-Dateien\/wsm-logo.gif"},{"@type":"BreadcrumbList","@id":"https:\/\/lutek.eu\/home\/wooden-synagogues\/700-jahre-700-synagogen\/#breadcrumb","itemListElement":[{"@type":"ListItem","position":1,"name":"Startseite","item":"https:\/\/lutek.eu\/home\/"},{"@type":"ListItem","position":2,"name":"Wooden Synagogues Memorial","item":"https:\/\/lutek.eu\/home\/wooden-synagogues\/"},{"@type":"ListItem","position":3,"name":"700 JAHRE &#8211; 700 SYNAGOGEN"}]},{"@type":"WebSite","@id":"https:\/\/lutek.eu\/home\/#website","url":"https:\/\/lutek.eu\/home\/","name":"GULag-Erinnerungen - Lida \/ Uchta","description":"","publisher":{"@id":"https:\/\/lutek.eu\/home\/#\/schema\/person\/470f45bb8b40dac6acd66606907ab7e7"},"potentialAction":[{"@type":"SearchAction","target":{"@type":"EntryPoint","urlTemplate":"https:\/\/lutek.eu\/home\/?s={search_term_string}"},"query-input":{"@type":"PropertyValueSpecification","valueRequired":true,"valueName":"search_term_string"}}],"inLanguage":"de"},{"@type":["Person","Organization"],"@id":"https:\/\/lutek.eu\/home\/#\/schema\/person\/470f45bb8b40dac6acd66606907ab7e7","name":"nb","logo":{"@id":"https:\/\/lutek.eu\/home\/#\/schema\/person\/image\/"}}]}},"_links":{"self":[{"href":"https:\/\/lutek.eu\/home\/wp-json\/wp\/v2\/pages\/383","targetHints":{"allow":["GET"]}}],"collection":[{"href":"https:\/\/lutek.eu\/home\/wp-json\/wp\/v2\/pages"}],"about":[{"href":"https:\/\/lutek.eu\/home\/wp-json\/wp\/v2\/types\/page"}],"author":[{"embeddable":true,"href":"https:\/\/lutek.eu\/home\/wp-json\/wp\/v2\/users\/1"}],"replies":[{"embeddable":true,"href":"https:\/\/lutek.eu\/home\/wp-json\/wp\/v2\/comments?post=383"}],"version-history":[{"count":6,"href":"https:\/\/lutek.eu\/home\/wp-json\/wp\/v2\/pages\/383\/revisions"}],"predecessor-version":[{"id":520,"href":"https:\/\/lutek.eu\/home\/wp-json\/wp\/v2\/pages\/383\/revisions\/520"}],"up":[{"embeddable":true,"href":"https:\/\/lutek.eu\/home\/wp-json\/wp\/v2\/pages\/94"}],"wp:attachment":[{"href":"https:\/\/lutek.eu\/home\/wp-json\/wp\/v2\/media?parent=383"}],"curies":[{"name":"wp","href":"https:\/\/api.w.org\/{rel}","templated":true}]}}