{"id":74,"date":"2020-03-16T11:36:53","date_gmt":"2020-03-16T10:36:53","guid":{"rendered":"https:\/\/lutek.eu\/home\/?page_id=74"},"modified":"2021-12-23T17:36:32","modified_gmt":"2021-12-23T16:36:32","slug":"dom-pielgrzyma","status":"publish","type":"page","link":"https:\/\/lutek.eu\/home\/miedzna\/dom-pielgrzyma\/","title":{"rendered":"<!-- Dom Pielgrzyma -->"},"content":{"rendered":"<h1 align=\"center\">&#8222;Pilgerhaus Miedzna&#8220; &#8211; &#8222;Dom Pielgrzyma&#8220;<br \/>\n<a class=\"menu\" href=\"\/home\/miedzna\/mahnmal-zur-erinnerung-an-die-juden-von-miedzna\/\">Erinnerung an die Juden von Miedzna<\/a><br \/>\nHunderte Juden wurden in Treblinka ermordet!<\/h1>\n<hr \/>\n<div style=\"text-align: center;\"><a class=\"linkmode3\" href=\"\/miedzna\/dom_pielgrzyma\/\" target=\"_blank\" rel=\"noopener noreferrer\"><img loading=\"lazy\" decoding=\"async\" src=\"\/uploads\/pilgerhaus\/dom_pielgrzyma_400x277.jpg\" alt=\"\" width=\"400\" height=\"277\" border=\"0\" \/><\/a><\/div>\n<p>Mitten im Ort von Miedzna steht ein denkmalgesch\u00fctztes Geb\u00e4ude aus dem 17. Jahrhundert das bis zum Jahr 2011 verfiel und einen der sch\u00f6nsten Pl\u00e4tze im Ort verschandelte. Das Haus wurde nach alten Pl\u00e4nen und unter Verwendung von Teilen des alten Geb\u00e4udes wieder hergestellt und als Haus der Kultur mit Restauration, Pilgerzimmern und Konferenzr\u00e4umen mit Hilfe von Mitteln der EU einer neuen Bestimmung zugef\u00fchrt. Es ist ein Museum und Veranstaltungsort.<\/p>\n<p>Bis 1939 waren ein gro\u00dfer Teil der Bev\u00f6lkerung Miedznas <strong>Juden<\/strong>, die \u00fcberwiegend von den deutschen Nationalsozialisten <strong>nach Treblinka gebracht und ermordet<\/strong> wurden. Vor dem Abtransport nach Treblinka wurden die Juden in einer <strong>Remise<\/strong> neben dem Geb\u00e4ude &#8222;<strong>Dom Pielgrzyma<\/strong>&#8220; eingesperrt. Wir pl\u00e4dieren daher daf\u00fcr, an der Seite des &#8222;Dom Pielgrzyma&#8220; ein <a href=\"\/home\/miedzna\/mahnmal-zur-erinnerung-an-die-juden-von-miedzna\/\"><strong>Mahnmal zum Gedenken an das geschehene Unrecht<\/strong><\/a> zu errichten.<\/p>\n<hr \/>\n<p><a href=\"http:\/\/fodz.pl\/PP\/?d=108&amp;id=430&amp;l=pl\" target=\"new\" rel=\"noopener noreferrer\">MIEDZNA &#8211; Szkola Podstawowa im. Tadeusza Kosciuszki<\/a><br \/>\n<a href=\"http:\/\/www.kirkuty.xip.pl\/wegrow.htm\" target=\"new\" rel=\"noopener noreferrer\">Cmentarz Zydowski w Wegrowie<\/a><\/p>\n<hr \/>\n<h2 align=\"center\">Dom Pielgrzyma is rebuild<\/h2>\n<p>Pictures from May 2012:<\/p>\n<div title=\"06.05.2012\" align=\"center\"><img loading=\"lazy\" decoding=\"async\" class=\"aligncenter\" src=\"\/uploads\/pilgerhaus\/20120506_1.jpg\" alt=\"Dom Pielgryma, Miedzna, am 06.05.2012\" width=\"800\" height=\"480\" \/><\/div>\n<p>&nbsp;<\/p>\n<div title=\"06.05.2012\" align=\"center\"><img loading=\"lazy\" decoding=\"async\" class=\"aligncenter\" src=\"\/uploads\/pilgerhaus\/20120506_2.jpg\" alt=\"Dom Pielgryma, Miedzna, am 06.05.2012\" width=\"800\" height=\"480\" \/><\/div>\n<p>&nbsp;<\/p>\n<div title=\"06.05.2012\" align=\"center\"><img loading=\"lazy\" decoding=\"async\" class=\"aligncenter\" src=\"\/uploads\/pilgerhaus\/20120506_3.jpg\" alt=\"Dom Pielgryma, Miedzna, am 06.05.2012\" width=\"800\" height=\"480\" \/><\/div>\n<hr \/>\n<p>These pictures are from June 2009:<\/p>\n<div title=\"Dom Pielgrzyma at June 2009\" align=\"center\"><img loading=\"lazy\" decoding=\"async\" class=\"aligncenter\" src=\"\/uploads\/pilgerhaus\/dp200906.jpg\" alt=\"Dom Pielgrzyma at June 2009\" width=\"800\" height=\"567\" \/><br \/>\nDom Pielgrzyma at June 2009<\/div>\n<div title=\"Dom Pielgrzyma at June 2009\" align=\"center\"><img loading=\"lazy\" decoding=\"async\" class=\"alignnone\" src=\"\/uploads\/pilgerhaus\/dp20100510.jpg\" alt=\"Dom Pielgrzyma at June 2009\" width=\"800\" height=\"431\" \/><br \/>\nDom Pielgrzyma at June 2009<\/div>\n<hr \/>\n<p>&nbsp;<\/p>\n<div title=\"Dom Pielgrzyma at the time of war\" align=\"center\"><img loading=\"lazy\" decoding=\"async\" class=\"alignnone\" src=\"\/uploads\/pilgerhaus\/dpold.jpg\" alt=\"Dom Pielgrzyma at the time of war\" width=\"800\" height=\"480\" \/><br \/>\nDom Pielgrzyma at the time of war<\/div>\n","protected":false},"excerpt":{"rendered":"<p>&#8222;Pilgerhaus Miedzna&#8220; &#8211; &#8222;Dom Pielgrzyma&#8220; Erinnerung an die Juden von Miedzna Hunderte Juden wurden in Treblinka ermordet! Mitten im Ort von Miedzna steht ein denkmalgesch\u00fctztes Geb\u00e4ude aus dem 17. Jahrhundert das bis zum Jahr 2011 <a class=\"more-link\" href=\"https:\/\/lutek.eu\/home\/miedzna\/dom-pielgrzyma\/\">mehr &#8230;<\/a><\/p>\n","protected":false},"author":1,"featured_media":0,"parent":106,"menu_order":0,"comment_status":"closed","ping_status":"closed","template":"","meta":{"footnotes":""},"class_list":["post-74","page","type-page","status-publish","hentry"],"yoast_head":"<!-- This site is optimized with the Yoast SEO plugin v27.4 - https:\/\/yoast.com\/product\/yoast-seo-wordpress\/ -->\n<title>Dom Pielgrzyma<\/title>\n<meta name=\"description\" content=\"GULag-Erinnerungen - Lida \/ Uchta\" \/>\n<meta name=\"robots\" content=\"index, follow, max-snippet:-1, max-image-preview:large, max-video-preview:-1\" \/>\n<link rel=\"canonical\" href=\"https:\/\/lutek.eu\/home\/miedzna\/dom-pielgrzyma\/\" \/>\n<meta name=\"twitter:label1\" content=\"Gesch\u00e4tzte Lesezeit\" \/>\n\t<meta name=\"twitter:data1\" content=\"3\u00a0Minuten\" \/>\n<script type=\"application\/ld+json\" class=\"yoast-schema-graph\">{\"@context\":\"https:\\\/\\\/schema.org\",\"@graph\":[{\"@type\":\"WebPage\",\"@id\":\"https:\\\/\\\/lutek.eu\\\/home\\\/miedzna\\\/dom-pielgrzyma\\\/\",\"url\":\"https:\\\/\\\/lutek.eu\\\/home\\\/miedzna\\\/dom-pielgrzyma\\\/\",\"name\":\"Dom Pielgrzyma\",\"isPartOf\":{\"@id\":\"https:\\\/\\\/lutek.eu\\\/home\\\/#website\"},\"datePublished\":\"2020-03-16T10:36:53+00:00\",\"dateModified\":\"2021-12-23T16:36:32+00:00\",\"description\":\"GULag-Erinnerungen - Lida \\\/ Uchta\",\"inLanguage\":\"de\",\"potentialAction\":[{\"@type\":\"ReadAction\",\"target\":[\"https:\\\/\\\/lutek.eu\\\/home\\\/miedzna\\\/dom-pielgrzyma\\\/\"]}]},{\"@type\":\"WebSite\",\"@id\":\"https:\\\/\\\/lutek.eu\\\/home\\\/#website\",\"url\":\"https:\\\/\\\/lutek.eu\\\/home\\\/\",\"name\":\"GULag-Erinnerungen - Lida \\\/ Uchta\",\"description\":\"\",\"publisher\":{\"@id\":\"https:\\\/\\\/lutek.eu\\\/home\\\/#\\\/schema\\\/person\\\/470f45bb8b40dac6acd66606907ab7e7\"},\"potentialAction\":[{\"@type\":\"SearchAction\",\"target\":{\"@type\":\"EntryPoint\",\"urlTemplate\":\"https:\\\/\\\/lutek.eu\\\/home\\\/?s={search_term_string}\"},\"query-input\":{\"@type\":\"PropertyValueSpecification\",\"valueRequired\":true,\"valueName\":\"search_term_string\"}}],\"inLanguage\":\"de\"},{\"@type\":[\"Person\",\"Organization\"],\"@id\":\"https:\\\/\\\/lutek.eu\\\/home\\\/#\\\/schema\\\/person\\\/470f45bb8b40dac6acd66606907ab7e7\",\"name\":\"nb\",\"logo\":{\"@id\":\"https:\\\/\\\/lutek.eu\\\/home\\\/#\\\/schema\\\/person\\\/image\\\/\"}}]}<\/script>\n<!-- \/ Yoast SEO plugin. -->","yoast_head_json":{"title":"Dom Pielgrzyma","description":"GULag-Erinnerungen - Lida \/ Uchta","robots":{"index":"index","follow":"follow","max-snippet":"max-snippet:-1","max-image-preview":"max-image-preview:large","max-video-preview":"max-video-preview:-1"},"canonical":"https:\/\/lutek.eu\/home\/miedzna\/dom-pielgrzyma\/","twitter_misc":{"Gesch\u00e4tzte Lesezeit":"3\u00a0Minuten"},"schema":{"@context":"https:\/\/schema.org","@graph":[{"@type":"WebPage","@id":"https:\/\/lutek.eu\/home\/miedzna\/dom-pielgrzyma\/","url":"https:\/\/lutek.eu\/home\/miedzna\/dom-pielgrzyma\/","name":"Dom Pielgrzyma","isPartOf":{"@id":"https:\/\/lutek.eu\/home\/#website"},"datePublished":"2020-03-16T10:36:53+00:00","dateModified":"2021-12-23T16:36:32+00:00","description":"GULag-Erinnerungen - Lida \/ Uchta","inLanguage":"de","potentialAction":[{"@type":"ReadAction","target":["https:\/\/lutek.eu\/home\/miedzna\/dom-pielgrzyma\/"]}]},{"@type":"WebSite","@id":"https:\/\/lutek.eu\/home\/#website","url":"https:\/\/lutek.eu\/home\/","name":"GULag-Erinnerungen - Lida \/ Uchta","description":"","publisher":{"@id":"https:\/\/lutek.eu\/home\/#\/schema\/person\/470f45bb8b40dac6acd66606907ab7e7"},"potentialAction":[{"@type":"SearchAction","target":{"@type":"EntryPoint","urlTemplate":"https:\/\/lutek.eu\/home\/?s={search_term_string}"},"query-input":{"@type":"PropertyValueSpecification","valueRequired":true,"valueName":"search_term_string"}}],"inLanguage":"de"},{"@type":["Person","Organization"],"@id":"https:\/\/lutek.eu\/home\/#\/schema\/person\/470f45bb8b40dac6acd66606907ab7e7","name":"nb","logo":{"@id":"https:\/\/lutek.eu\/home\/#\/schema\/person\/image\/"}}]}},"_links":{"self":[{"href":"https:\/\/lutek.eu\/home\/wp-json\/wp\/v2\/pages\/74","targetHints":{"allow":["GET"]}}],"collection":[{"href":"https:\/\/lutek.eu\/home\/wp-json\/wp\/v2\/pages"}],"about":[{"href":"https:\/\/lutek.eu\/home\/wp-json\/wp\/v2\/types\/page"}],"author":[{"embeddable":true,"href":"https:\/\/lutek.eu\/home\/wp-json\/wp\/v2\/users\/1"}],"replies":[{"embeddable":true,"href":"https:\/\/lutek.eu\/home\/wp-json\/wp\/v2\/comments?post=74"}],"version-history":[{"count":14,"href":"https:\/\/lutek.eu\/home\/wp-json\/wp\/v2\/pages\/74\/revisions"}],"predecessor-version":[{"id":386,"href":"https:\/\/lutek.eu\/home\/wp-json\/wp\/v2\/pages\/74\/revisions\/386"}],"up":[{"embeddable":true,"href":"https:\/\/lutek.eu\/home\/wp-json\/wp\/v2\/pages\/106"}],"wp:attachment":[{"href":"https:\/\/lutek.eu\/home\/wp-json\/wp\/v2\/media?parent=74"}],"curies":[{"name":"wp","href":"https:\/\/api.w.org\/{rel}","templated":true}]}}