{"id":79,"date":"2020-03-16T11:23:15","date_gmt":"2020-03-16T10:23:15","guid":{"rendered":"https:\/\/lutek.eu\/home\/?page_id=79"},"modified":"2023-01-18T11:33:58","modified_gmt":"2023-01-18T10:33:58","slug":"mahnmal-zur-erinnerung-an-die-juden-von-miedzna","status":"publish","type":"page","link":"https:\/\/lutek.eu\/home\/miedzna\/mahnmal-zur-erinnerung-an-die-juden-von-miedzna\/","title":{"rendered":"Mahnmal zur Erinnerung an die Juden von Miedzna"},"content":{"rendered":"<div style=\"float: left; margin-right: 10px;\" title=\"Mahnmal zur Erinnerung an die Juden von Miedzna\" align=\"center\"><a href=\"#memorial-to-remember-the-jews-of-miedzna\"><img loading=\"lazy\" decoding=\"async\" src=\"\/home\/img\/pilgerhaus\/memorial.jpg\" alt=\"\" width=\"324\" height=\"565\" \/><\/a><\/div>\n<p align=\"justify\" style=\"margin-bottom:3px;\">Dies ist ein Online-Mahnmal zur Erinnerung an die Juden von Miedzna.<\/p>\n<p align=\"justify\" style=\"margin-bottom:3px;\">Bis 1939 waren ein gro\u00dfer Teil der Bev\u00f6lkerung Miedznas (ca. 600 Personen) Juden, die \u00fcberwiegend von den deutschen Nationalsozialisten nach Treblinka gebracht und ermordet wurden. Vor dem Abtransport nach Treblinka wurden die Juden in einer Remise neben dem Geb\u00e4ude &#8222;<a href=\"\/home\/miedzna\/dom-pielgrzyma\/\">Dom Pielgrzyma<\/a>&#8220; eingesperrt.<\/p>\n<p align=\"justify\" style=\"margin-bottom:3px;\">Wir pl\u00e4dieren f\u00fcr die Errichtung eines Mahnmals in der N\u00e4he der Stelle, an der die Remise neben dem rekonstruierten Geb\u00e4ude stand. Zus\u00e4tzlich soll diese Internet-Seite an den Holocaust erinnern.<\/p>\n<p align=\"justify\" style=\"margin-bottom:3px;\">Im Jahr 2009 haben wir Julio Hochberg und seine Tochter Adriana, die in den USA leben, nach Miedzna eingeladen. Sie waren G\u00e4ste der Batorowicz-Familie. Julios Vater, Sohn eines j\u00fcdischen Schuhmachers in Miedzna, verlie\u00df Miedzna im Jahr 1928 und wanderte nach Brasilien aus. Dort wurde Julio geboren. Sein Gro\u00dfvater und der gr\u00f6\u00dfte Teil der Hochberg-Familie und die meisten der Juden aus Miedzna wurden in Treblinka ermordet.<\/p>\n<p id=\"memorial-to-remember-the-jews-of-miedzna\" align=\"justify\" style=\"margin-top:3px;margin-bottom:3px;\">\nJulio hat sich k\u00fcnstlerisch bet\u00e4tigt, um ein Mahnmal zur Erinnerung an die Juden von Miedzna zu errichten.<\/p>\n<hr\/>\n<h1>Remember the Jews of Miedzna<\/h1>\n<p><span style=\"color: #800000;\">This is an online memorial to the Jews of Miedzna. Until 1939, a large part of the population of Miedzna (approx. 600 os\u00f3b) were Jews, most of whom were brought to Treblinka and murdered by the German National Socialists.<br \/>\nBefore the deportation to Treblinka, the Jews were locked up in a carriage house next to the building <a href=\"\/home\/miedzna\/dom-pielgrzyma\/\">&#8222;Dom Pielgrzyma&#8220;<\/a>. We plead for the establishment of a memorial near the place where the carriage house stood next to the reconstructed building.<br \/>\nThis website is intended to commemorate the Holocaust. In 2009 we invited Julio Hochberg and his daughter Adriana from the USA to visit Miedzna. They where guests of the Batorowicz family. Julios father, son of a jewish shoemaker in Miedzna,\u00a0left Miedzna in the year 1928 and went to Brazil. There Julio was born. His grandfather and another greater part of the Hochberg family and most of the Jews from Miedzna\u00a0where murdered in Treblinka.<br \/>\nJulio did some artfull work to build a monument to remember the Jews of Miedzna:<\/span> <\/p>\n<div align=\"center\"><img loading=\"lazy\" decoding=\"async\" src=\"\/home\/img\/pilgerhaus\/dompi.jpg\" alt=\"\" width=\"565\" height=\"380\" \/><\/div>\n<div align=\"center\"><img loading=\"lazy\" decoding=\"async\" src=\"\/home\/img\/pilgerhaus\/remiza.jpg\" alt=\"\" width=\"565\" height=\"380\" \/><\/div>\n<div align=\"center\"><img loading=\"lazy\" decoding=\"async\" src=\"\/home\/img\/pilgerhaus\/red_shoe.jpg\" alt=\"\" width=\"565\" height=\"380\" \/><\/div>\n<p><a class=\"nav\" href=\"http:\/\/hochberg.smugmug.com\/Events\/Hochberg\/10421509_HqKyi\" target=\"new\" rel=\"noopener noreferrer\">Hochberg &amp; Hochberg exhibition Sept. &#8217;09<\/a><br \/>\n<a href=\"http:\/\/miedzna.blogspot.com\/2008\/12\/karczma.html\" target=\"new\" rel=\"noopener noreferrer\">Karczma<\/a><\/p>\n","protected":false},"excerpt":{"rendered":"<p>Dies ist ein Online-Mahnmal zur Erinnerung an die Juden von Miedzna. Bis 1939 waren ein gro\u00dfer Teil der Bev\u00f6lkerung Miedznas (ca. 600 Personen) Juden, die \u00fcberwiegend von den deutschen Nationalsozialisten nach Treblinka gebracht und ermordet <a class=\"more-link\" href=\"https:\/\/lutek.eu\/home\/miedzna\/mahnmal-zur-erinnerung-an-die-juden-von-miedzna\/\">mehr &#8230;<\/a><\/p>\n","protected":false},"author":1,"featured_media":0,"parent":106,"menu_order":0,"comment_status":"closed","ping_status":"closed","template":"","meta":{"footnotes":""},"class_list":["post-79","page","type-page","status-publish","hentry"],"yoast_head":"<!-- This site is optimized with the Yoast SEO plugin v27.4 - https:\/\/yoast.com\/product\/yoast-seo-wordpress\/ -->\n<title>Mahnmal zur Erinnerung an die Juden von Miedzna<\/title>\n<meta name=\"description\" content=\"GULag-Erinnerungen - Lida \/ Uchta Mahnmal zur Erinnerung an die Juden von Miedzna %\" \/>\n<meta name=\"robots\" content=\"index, follow, max-snippet:-1, max-image-preview:large, max-video-preview:-1\" \/>\n<link rel=\"canonical\" href=\"https:\/\/lutek.eu\/home\/miedzna\/mahnmal-zur-erinnerung-an-die-juden-von-miedzna\/\" \/>\n<meta name=\"twitter:label1\" content=\"Gesch\u00e4tzte Lesezeit\" \/>\n\t<meta name=\"twitter:data1\" content=\"2\u00a0Minuten\" \/>\n<script type=\"application\/ld+json\" class=\"yoast-schema-graph\">{\"@context\":\"https:\\\/\\\/schema.org\",\"@graph\":[{\"@type\":\"WebPage\",\"@id\":\"https:\\\/\\\/lutek.eu\\\/home\\\/miedzna\\\/mahnmal-zur-erinnerung-an-die-juden-von-miedzna\\\/\",\"url\":\"https:\\\/\\\/lutek.eu\\\/home\\\/miedzna\\\/mahnmal-zur-erinnerung-an-die-juden-von-miedzna\\\/\",\"name\":\"Mahnmal zur Erinnerung an die Juden von Miedzna\",\"isPartOf\":{\"@id\":\"https:\\\/\\\/lutek.eu\\\/home\\\/#website\"},\"datePublished\":\"2020-03-16T10:23:15+00:00\",\"dateModified\":\"2023-01-18T10:33:58+00:00\",\"description\":\"GULag-Erinnerungen - Lida \\\/ Uchta Mahnmal zur Erinnerung an die Juden von Miedzna %\",\"breadcrumb\":{\"@id\":\"https:\\\/\\\/lutek.eu\\\/home\\\/miedzna\\\/mahnmal-zur-erinnerung-an-die-juden-von-miedzna\\\/#breadcrumb\"},\"inLanguage\":\"de\",\"potentialAction\":[{\"@type\":\"ReadAction\",\"target\":[\"https:\\\/\\\/lutek.eu\\\/home\\\/miedzna\\\/mahnmal-zur-erinnerung-an-die-juden-von-miedzna\\\/\"]}]},{\"@type\":\"BreadcrumbList\",\"@id\":\"https:\\\/\\\/lutek.eu\\\/home\\\/miedzna\\\/mahnmal-zur-erinnerung-an-die-juden-von-miedzna\\\/#breadcrumb\",\"itemListElement\":[{\"@type\":\"ListItem\",\"position\":1,\"name\":\"Startseite\",\"item\":\"https:\\\/\\\/lutek.eu\\\/home\\\/\"},{\"@type\":\"ListItem\",\"position\":2,\"name\":\"Mahnmal zur Erinnerung an die Juden von Miedzna\"}]},{\"@type\":\"WebSite\",\"@id\":\"https:\\\/\\\/lutek.eu\\\/home\\\/#website\",\"url\":\"https:\\\/\\\/lutek.eu\\\/home\\\/\",\"name\":\"GULag-Erinnerungen - Lida \\\/ Uchta\",\"description\":\"\",\"publisher\":{\"@id\":\"https:\\\/\\\/lutek.eu\\\/home\\\/#\\\/schema\\\/person\\\/470f45bb8b40dac6acd66606907ab7e7\"},\"potentialAction\":[{\"@type\":\"SearchAction\",\"target\":{\"@type\":\"EntryPoint\",\"urlTemplate\":\"https:\\\/\\\/lutek.eu\\\/home\\\/?s={search_term_string}\"},\"query-input\":{\"@type\":\"PropertyValueSpecification\",\"valueRequired\":true,\"valueName\":\"search_term_string\"}}],\"inLanguage\":\"de\"},{\"@type\":[\"Person\",\"Organization\"],\"@id\":\"https:\\\/\\\/lutek.eu\\\/home\\\/#\\\/schema\\\/person\\\/470f45bb8b40dac6acd66606907ab7e7\",\"name\":\"nb\",\"logo\":{\"@id\":\"https:\\\/\\\/lutek.eu\\\/home\\\/#\\\/schema\\\/person\\\/image\\\/\"}}]}<\/script>\n<!-- \/ Yoast SEO plugin. -->","yoast_head_json":{"title":"Mahnmal zur Erinnerung an die Juden von Miedzna","description":"GULag-Erinnerungen - Lida \/ Uchta Mahnmal zur Erinnerung an die Juden von Miedzna %","robots":{"index":"index","follow":"follow","max-snippet":"max-snippet:-1","max-image-preview":"max-image-preview:large","max-video-preview":"max-video-preview:-1"},"canonical":"https:\/\/lutek.eu\/home\/miedzna\/mahnmal-zur-erinnerung-an-die-juden-von-miedzna\/","twitter_misc":{"Gesch\u00e4tzte Lesezeit":"2\u00a0Minuten"},"schema":{"@context":"https:\/\/schema.org","@graph":[{"@type":"WebPage","@id":"https:\/\/lutek.eu\/home\/miedzna\/mahnmal-zur-erinnerung-an-die-juden-von-miedzna\/","url":"https:\/\/lutek.eu\/home\/miedzna\/mahnmal-zur-erinnerung-an-die-juden-von-miedzna\/","name":"Mahnmal zur Erinnerung an die Juden von Miedzna","isPartOf":{"@id":"https:\/\/lutek.eu\/home\/#website"},"datePublished":"2020-03-16T10:23:15+00:00","dateModified":"2023-01-18T10:33:58+00:00","description":"GULag-Erinnerungen - Lida \/ Uchta Mahnmal zur Erinnerung an die Juden von Miedzna %","breadcrumb":{"@id":"https:\/\/lutek.eu\/home\/miedzna\/mahnmal-zur-erinnerung-an-die-juden-von-miedzna\/#breadcrumb"},"inLanguage":"de","potentialAction":[{"@type":"ReadAction","target":["https:\/\/lutek.eu\/home\/miedzna\/mahnmal-zur-erinnerung-an-die-juden-von-miedzna\/"]}]},{"@type":"BreadcrumbList","@id":"https:\/\/lutek.eu\/home\/miedzna\/mahnmal-zur-erinnerung-an-die-juden-von-miedzna\/#breadcrumb","itemListElement":[{"@type":"ListItem","position":1,"name":"Startseite","item":"https:\/\/lutek.eu\/home\/"},{"@type":"ListItem","position":2,"name":"Mahnmal zur Erinnerung an die Juden von Miedzna"}]},{"@type":"WebSite","@id":"https:\/\/lutek.eu\/home\/#website","url":"https:\/\/lutek.eu\/home\/","name":"GULag-Erinnerungen - Lida \/ Uchta","description":"","publisher":{"@id":"https:\/\/lutek.eu\/home\/#\/schema\/person\/470f45bb8b40dac6acd66606907ab7e7"},"potentialAction":[{"@type":"SearchAction","target":{"@type":"EntryPoint","urlTemplate":"https:\/\/lutek.eu\/home\/?s={search_term_string}"},"query-input":{"@type":"PropertyValueSpecification","valueRequired":true,"valueName":"search_term_string"}}],"inLanguage":"de"},{"@type":["Person","Organization"],"@id":"https:\/\/lutek.eu\/home\/#\/schema\/person\/470f45bb8b40dac6acd66606907ab7e7","name":"nb","logo":{"@id":"https:\/\/lutek.eu\/home\/#\/schema\/person\/image\/"}}]}},"_links":{"self":[{"href":"https:\/\/lutek.eu\/home\/wp-json\/wp\/v2\/pages\/79","targetHints":{"allow":["GET"]}}],"collection":[{"href":"https:\/\/lutek.eu\/home\/wp-json\/wp\/v2\/pages"}],"about":[{"href":"https:\/\/lutek.eu\/home\/wp-json\/wp\/v2\/types\/page"}],"author":[{"embeddable":true,"href":"https:\/\/lutek.eu\/home\/wp-json\/wp\/v2\/users\/1"}],"replies":[{"embeddable":true,"href":"https:\/\/lutek.eu\/home\/wp-json\/wp\/v2\/comments?post=79"}],"version-history":[{"count":38,"href":"https:\/\/lutek.eu\/home\/wp-json\/wp\/v2\/pages\/79\/revisions"}],"predecessor-version":[{"id":473,"href":"https:\/\/lutek.eu\/home\/wp-json\/wp\/v2\/pages\/79\/revisions\/473"}],"up":[{"embeddable":true,"href":"https:\/\/lutek.eu\/home\/wp-json\/wp\/v2\/pages\/106"}],"wp:attachment":[{"href":"https:\/\/lutek.eu\/home\/wp-json\/wp\/v2\/media?parent=79"}],"curies":[{"name":"wp","href":"https:\/\/api.w.org\/{rel}","templated":true}]}}